{"id":165,"date":"2018-07-22T03:27:59","date_gmt":"2018-07-22T01:27:59","guid":{"rendered":"http:\/\/centrumvenus.pl\/?page_id=165"},"modified":"2025-02-22T23:52:29","modified_gmt":"2025-02-22T22:52:29","slug":"regulamin-korzystania-z-vouchera-podarunkowego","status":"publish","type":"page","link":"https:\/\/centrumvenus.pl\/index.php\/1-2\/regulamin-korzystania-z-vouchera-podarunkowego\/","title":{"rendered":"Regulamin Korzystania z Voucher&#8217;a Podarunkowego"},"content":{"rendered":"<ul>\n<li>Voucher Podarunkowy upowa\u017cnia do skorzystania z\u00a0us\u0142ug w\u00a0Centrum Venus zgodnie z\u00a0obowi\u0105zuj\u0105cym cennikiem i\u00a0warto\u015bci\u0105 posiadanego Voucher\u2019a. Mo\u017cna nim p\u0142aci\u0107 za wszystkie us\u0142ugi wg oferty dost\u0119pnej na stronie internetowej\u00a0www.centrumvenus.pl<\/li>\n<li>Voucher\u2019y s\u0105 wa\u017cne do daty podanej na nim \u2013 w\u00a0tym okresie nale\u017cy wykorzysta\u0107 wykupione zabiegi lub kwot\u0119. Po up\u0142ywie terminu wa\u017cno\u015bci Voucher&#8217;a, jego warto\u015b\u0107 w\u00a0ca\u0142o\u015bci lub w\u00a0cz\u0119\u015bci niewykorzystana zostaje utracona.<\/li>\n<li>Voucher mo\u017cna wykorzysta\u0107 podczas jednej lub kilku wizyt w\u00a0zale\u017cno\u015bci od wykupionych us\u0142ug.<\/li>\n<li>W celu uzgodnienia dogodnego terminu wizyty prosimy o\u00a0kontakt z\u00a0recepcj\u0105\u00a0 pod nr tel. (71) 7218800 lub zapraszamy do rezerwacji online na naszej stronie internetowej <a href=\"http:\/\/www.centrumvenus.pl\">www.centrumvenus.pl<\/a>.<\/li>\n<li>Je\u017celi podczas umawiania wizyty salon nie b\u0119dzie dysponowa\u0142 wolnymi terminami, liczy\u0107 b\u0119dzie si\u0119 data umawiania us\u0142ugi (nie p\u00f3\u017aniej ni\u017c wa\u017cno\u015b\u0107 Voucher&#8217;a).<\/li>\n<li>Przy dokonywaniu rezerwacji prosimy o\u00a0poinformowanie recepcji, \u017ce form\u0105 p\u0142atno\u015bci za umawiany zabieg b\u0119dzie\u00a0Voucher Podarunkowy, w przypadku rezerwacji online w uwagach prosimy wpisa\u0107 numer Voucher&#8217;a.<\/li>\n<li>W razie braku anulowania rezerwacji drog\u0105 telefoniczn\u0105, poprzez rezerwacj\u0119 online lub osobi\u015bcie, na 24h przed um\u00f3wion\u0105 wizyt\u0105, Voucher Podarunkowy zostaje uznany\u00a0za zrealizowany w ca\u0142o\u015bci lub w cz\u0119\u015bci, na kt\u00f3r\u0105 by\u0142a dokonana rezerwacja.<\/li>\n<li>Voucher nale\u017cy okaza\u0107 w\u00a0recepcji przed skorzystaniem z\u00a0zabiegu.<\/li>\n<li>Voucher nie\u00a0podlega zwrotowi ani wymianie na got\u00f3wk\u0119. Nie ma r\u00f3wnie\u017c mo\u017cliwo\u015bci wydawania reszty w\u00a0got\u00f3wce z\u00a0Voucher\u2019a, kt\u00f3re opiewaj\u0105 na kwot\u0119 wy\u017csz\u0105 ni\u017c warto\u015b\u0107 wykorzystanych us\u0142ug.<\/li>\n<li>Zgodnie z\u00a0\u017cyczeniem osoba obdarowana mo\u017ce dop\u0142aci\u0107 do Voucher\u2019a je\u017celi warto\u015b\u0107 us\u0142ug, z\u00a0kt\u00f3rych chce skorzysta\u0107 opiewa na kwot\u0119 wy\u017csz\u0105 ni\u017c warto\u015b\u0107 Vouchera.<\/li>\n<li>P\u0142atno\u015bci Voucher\u2019em nie\u00a0mo\u017cna \u0142\u0105czy\u0107 z\u00a0promocjami i\u00a0rabatami.<\/li>\n<li>Voucher imienny mo\u017ce by\u0107 przeniesiony na inn\u0105 osob\u0119.<\/li>\n<li>Voucher\u2019y na wybrane us\u0142ugi lub pakiety us\u0142ug mo\u017cna wymieni\u0107 na wszystkie inne us\u0142ugi z\u00a0oferty Centrum Venus o tej samej warto\u015bci, za wyj\u0105tkiem\u00a0Voucher\u2019\u00f3w sponsorowanych przez salon oraz kupionych w promocji.<\/li>\n<li>Voucher&#8217;y kwotowe uprawniaj\u0105 do skorzystania z\u00a0dowolnie wybranych us\u0142ug.<\/li>\n<li>W przypadku utraty lub zniszczenia Voucher\u2019a, Centrum Venus nie\u00a0ponosi odpowiedzialno\u015bci ani nie\u00a0rekompensuje straty spowodowanej zaistnia\u0142\u0105 sytuacj\u0105.<\/li>\n<li>Integraln\u0105 cz\u0119\u015bci\u0105 Voucher\u2019a \u00a0jest niniejszy Regulamin, kt\u00f3ry na \u017cyczenie\u00a0jest udost\u0119pniany w\u00a0recepcji Centrum Venus. Kupuj\u0105cy z momentem dokonania zap\u0142aty o\u015bwiadcza, i\u017c zapozna\u0142 si\u0119 z\u00a0jego tre\u015bci\u0105 i\u00a0akceptuje go w\u00a0ca\u0142o\u015bci.<\/li>\n<\/ul>\n<p><head><!-- Google tag (gtag.js) --> <script async src=\"https:\/\/www.googletagmanager.com\/gtag\/js?id=AW-16831797219\"><\/script> <script> window.dataLayer = window.dataLayer || []; function gtag(){dataLayer.push(arguments);} gtag('js', new Date()); gtag('config', 'AW-16831797219'); <\/script><\/head><\/p>\n","protected":false},"excerpt":{"rendered":"<p>Voucher Podarunkowy upowa\u017cnia do skorzystania z\u00a0us\u0142ug w\u00a0Centrum Venus zgodnie z\u00a0obowi\u0105zuj\u0105cym cennikiem i\u00a0warto\u015bci\u0105 posiadanego Voucher\u2019a. Mo\u017cna nim p\u0142aci\u0107 za wszystkie us\u0142ugi wg oferty [&hellip;]<\/p>\n","protected":false},"author":1,"featured_media":0,"parent":156,"menu_order":0,"comment_status":"closed","ping_status":"closed","template":"","meta":{"footnotes":""},"class_list":["post-165","page","type-page","status-publish","hentry"],"_links":{"self":[{"href":"https:\/\/centrumvenus.pl\/index.php\/wp-json\/wp\/v2\/pages\/165","targetHints":{"allow":["GET"]}}],"collection":[{"href":"https:\/\/centrumvenus.pl\/index.php\/wp-json\/wp\/v2\/pages"}],"about":[{"href":"https:\/\/centrumvenus.pl\/index.php\/wp-json\/wp\/v2\/types\/page"}],"author":[{"embeddable":true,"href":"https:\/\/centrumvenus.pl\/index.php\/wp-json\/wp\/v2\/users\/1"}],"replies":[{"embeddable":true,"href":"https:\/\/centrumvenus.pl\/index.php\/wp-json\/wp\/v2\/comments?post=165"}],"version-history":[{"count":4,"href":"https:\/\/centrumvenus.pl\/index.php\/wp-json\/wp\/v2\/pages\/165\/revisions"}],"predecessor-version":[{"id":254,"href":"https:\/\/centrumvenus.pl\/index.php\/wp-json\/wp\/v2\/pages\/165\/revisions\/254"}],"up":[{"embeddable":true,"href":"https:\/\/centrumvenus.pl\/index.php\/wp-json\/wp\/v2\/pages\/156"}],"wp:attachment":[{"href":"https:\/\/centrumvenus.pl\/index.php\/wp-json\/wp\/v2\/media?parent=165"}],"curies":[{"name":"wp","href":"https:\/\/api.w.org\/{rel}","templated":true}]}}