{"id":147,"date":"2018-07-22T00:20:25","date_gmt":"2018-07-21T22:20:25","guid":{"rendered":"http:\/\/centrumvenus.pl\/?page_id=147"},"modified":"2018-07-22T17:34:31","modified_gmt":"2018-07-22T15:34:31","slug":"zamow-z-dostawa","status":"publish","type":"page","link":"https:\/\/centrumvenus.pl\/index.php\/1-2\/zamow-z-dostawa\/","title":{"rendered":"Zam\u00f3w Voucher Podarunkowy z wybranym bukietem i zr\u00f3b przelew, a my dostarczymy pod wskazany adres"},"content":{"rendered":"<h5>ju\u017c nied\u0142ugo zn\u00f3w b\u0119dzie dost\u0119pna \ud83d\ude42<\/h5>\n","protected":false},"excerpt":{"rendered":"<p>ju\u017c nied\u0142ugo zn\u00f3w b\u0119dzie dost\u0119pna \ud83d\ude42<\/p>\n","protected":false},"author":1,"featured_media":0,"parent":156,"menu_order":0,"comment_status":"closed","ping_status":"closed","template":"","meta":{"footnotes":""},"class_list":["post-147","page","type-page","status-publish","hentry"],"_links":{"self":[{"href":"https:\/\/centrumvenus.pl\/index.php\/wp-json\/wp\/v2\/pages\/147","targetHints":{"allow":["GET"]}}],"collection":[{"href":"https:\/\/centrumvenus.pl\/index.php\/wp-json\/wp\/v2\/pages"}],"about":[{"href":"https:\/\/centrumvenus.pl\/index.php\/wp-json\/wp\/v2\/types\/page"}],"author":[{"embeddable":true,"href":"https:\/\/centrumvenus.pl\/index.php\/wp-json\/wp\/v2\/users\/1"}],"replies":[{"embeddable":true,"href":"https:\/\/centrumvenus.pl\/index.php\/wp-json\/wp\/v2\/comments?post=147"}],"version-history":[{"count":3,"href":"https:\/\/centrumvenus.pl\/index.php\/wp-json\/wp\/v2\/pages\/147\/revisions"}],"predecessor-version":[{"id":186,"href":"https:\/\/centrumvenus.pl\/index.php\/wp-json\/wp\/v2\/pages\/147\/revisions\/186"}],"up":[{"embeddable":true,"href":"https:\/\/centrumvenus.pl\/index.php\/wp-json\/wp\/v2\/pages\/156"}],"wp:attachment":[{"href":"https:\/\/centrumvenus.pl\/index.php\/wp-json\/wp\/v2\/media?parent=147"}],"curies":[{"name":"wp","href":"https:\/\/api.w.org\/{rel}","templated":true}]}}